{"id":4816,"date":"2020-12-22T11:46:19","date_gmt":"2020-12-22T11:46:19","guid":{"rendered":"https:\/\/asymmetric-corporate.liquid-themes.com\/?page_id=4816"},"modified":"2024-08-06T18:06:23","modified_gmt":"2024-08-06T18:06:23","slug":"haberler","status":"publish","type":"page","link":"https:\/\/mansion.is\/tr\/haberler\/","title":{"rendered":"Haberler"},"content":{"rendered":"<p>[vc_row content_placement=&#8221;middle&#8221; css=&#8221;.vc_custom_1722154028260{border-bottom-width: 1px !important;padding-top: 170px !important;padding-bottom: 85px !important;border-bottom-color: #d6d6d6 !important;border-bottom-style: solid !important;}&#8221; responsive_css=&#8221;padding_top_medium:150px&#8221;][vc_column offset=&#8221;vc_col-md-12&#8243;]<style>.ld_fancy_heading_69fd0438f216c h1{color:rgb(4, 80, 114);}@media (min-width: 992px) { .ld_fancy_heading_69fd0438f216c h1 {font-size:74px; }  } .ld_fancy_heading_69fd0438f216c h1 {line-height:0.95em; } .ld_fancy_heading_69fd0438f216c h1 {--element-line-height:0.95em; } .ld_fancy_heading_69fd0438f216c .lqd-highlight-inner{height:0.275em!important;bottom:0px!important;}@media (min-width: 992px) { .ld_fancy_heading_69fd0438f216c h1 {font-size:74px; }  } .ld_fancy_heading_69fd0438f216c h1 {line-height:0.95em; } .ld_fancy_heading_69fd0438f216c h1 {--element-line-height:0.95em; } <\/style><div class=\"ld-fancy-heading ld_fancy_heading_69fd0438f216c\">\n\t<h1 class=\"ld-fh-element lqd-highlight-underline lqd-highlight-grow-left text-decoration-default\"   >  Son haberleri okuyun.<\/h1><\/div><style>.ld_fancy_heading_69fd043900562 p{color:rgb(0, 0, 0);}.ld_fancy_heading_69fd043900562 p {font-size:16px; } .ld_fancy_heading_69fd043900562 p {line-height:1.65em; } .ld_fancy_heading_69fd043900562 p {--element-line-height:1.65em; } .ld_fancy_heading_69fd043900562 .lqd-highlight-inner{height:0.275em!important;bottom:0px!important;}.ld_fancy_heading_69fd043900562 p {font-size:16px; } .ld_fancy_heading_69fd043900562 p {line-height:1.65em; } .ld_fancy_heading_69fd043900562 p {--element-line-height:1.65em; } <\/style><div class=\"ld-fancy-heading ld_fancy_heading_69fd043900562\">\n\t<p class=\"ld-fh-element lqd-highlight-underline lqd-highlight-grow-left text-decoration-default\"   >  Mansion\u2019dan son g\u00fcncellemeler, bilgiler ve haberler hakk\u0131nda bilgi edinin.<\/p><\/div>[\/vc_column][\/vc_row][vc_row responsive_css=&#8221;padding_top_medium:80px|padding_bottom_medium:80px&#8221; css=&#8221;.vc_custom_1608637615643{padding-top: 60px !important;padding-bottom: 60px !important;}&#8221;][vc_column]<style>.ld_blog_69fd043901416 .lqd-lp-row{margin-inline-start:-15px;margin-inline-end:-15px;}.ld_blog_69fd043901416 .lqd-lp-column{padding-inline-start:15px;padding-inline-end:15px;margin-bottom:40px;}.ld_blog_69fd043901416 .lqd-lp .lqd-lp-title{margin-top:px !important;margin-bottom:px !important;}<\/style><div class=\"lqd-lp-grid ld_blog_69fd043901416 lqd-1608637544374-f9220843-2d0c \"><div class=\"lqd-lp-row row d-flex flex-wrap\"><\/div><!--\/ .row --><div class=\"liquid-pf-nav ld-pf-nav-ajax\"><div class=\"page-nav text-center\"><nav aria-label=\"Page navigation\"><a href=\"https:\/\/mansion.is\/tr\/wp-json\/wp\/v2\/pages\/4816\/page\/2\/?ajaxify=1\" rel=\"nofollow\" data-ajaxify=\"true\" data-ajaxify-options=\"{&quot;wrapper&quot;:&quot;.lqd-lp-grid.lqd-1608637544374-f9220843-2d0c &gt; .lqd-lp-row&quot;,&quot;items&quot;:&quot;&gt; .lqd-lp-column&quot;,&quot;trigger&quot;:&quot;click&quot;}\" class=\"ld-ajax-loadmore\"><span><span class=\"static\">Load more<\/span><span class=\"loading\"><span class=\"dots\"><span><\/span><span><\/span><span><\/span><\/span><span class=\"text-uppercase lts-sp-1\">Loading<\/span><\/span><span class=\"all-loaded\">All items loaded <i class=\"lqd-icn-ess icon-ion-ios-checkmark\"><\/i><\/span><\/span><\/a><\/nav><\/div><\/div><\/div><!--\/ .lqd-lp-grid -->[\/vc_column][\/vc_row]<\/p>\n","protected":false},"excerpt":{"rendered":"<p>[vc_row content_placement=&#8221;middle&#8221; css=&#8221;.vc_custom_1722154028260{border-bottom-width: 1px !important;padding-top: 170px !important;padding-bottom: 85px !important;border-bottom-color: #d6d6d6 !important;border-bottom-style: solid !important;}&#8221; responsive_css=&#8221;padding_top_medium:150px&#8221;][vc_column offset=&#8221;vc_col-md-12&#8243;][\/vc_column][\/vc_row][vc_row responsive_css=&#8221;padding_top_medium:80px|padding_bottom_medium:80px&#8221; css=&#8221;.vc_custom_1608637615643{padding-top: 60px !important;padding-bottom: 60px !important;}&#8221;][vc_column][\/vc_column][\/vc_row]<\/p>\n","protected":false},"author":1,"featured_media":0,"parent":0,"menu_order":0,"comment_status":"closed","ping_status":"closed","template":"","meta":{"footnotes":""},"class_list":["post-4816","page","type-page","status-publish","hentry"],"yoast_head":"<!-- This site is optimized with the Yoast SEO plugin v27.5 - https:\/\/yoast.com\/product\/yoast-seo-wordpress\/ -->\n<title>Haberler - Mansion G\u00f6\u00e7 Dan\u0131\u015fmanl\u0131\u011f\u0131<\/title>\n<meta name=\"robots\" content=\"index, follow, max-snippet:-1, max-image-preview:large, max-video-preview:-1\" \/>\n<link rel=\"canonical\" href=\"https:\/\/mansion.is\/tr\/haberler\/\" \/>\n<meta property=\"og:locale\" content=\"tr_TR\" \/>\n<meta property=\"og:type\" content=\"article\" \/>\n<meta property=\"og:title\" content=\"Haberler - Mansion G\u00f6\u00e7 Dan\u0131\u015fmanl\u0131\u011f\u0131\" \/>\n<meta property=\"og:description\" content=\"[vc_row content_placement=&#8221;middle&#8221; css=&#8221;.vc_custom_1722154028260{border-bottom-width: 1px !important;padding-top: 170px !important;padding-bottom: 85px !important;border-bottom-color: #d6d6d6 !important;border-bottom-style: solid !important;}&#8221; responsive_css=&#8221;padding_top_medium:150px&#8221;][vc_column offset=&#8221;vc_col-md-12&#8243;][\/vc_column][\/vc_row][vc_row responsive_css=&#8221;padding_top_medium:80px|padding_bottom_medium:80px&#8221; css=&#8221;.vc_custom_1608637615643{padding-top: 60px !important;padding-bottom: 60px !important;}&#8221;][vc_column][\/vc_column][\/vc_row]\" \/>\n<meta property=\"og:url\" content=\"https:\/\/mansion.is\/tr\/haberler\/\" \/>\n<meta property=\"og:site_name\" content=\"Mansion G\u00f6\u00e7 Dan\u0131\u015fmanl\u0131\u011f\u0131\" \/>\n<meta property=\"article:modified_time\" content=\"2024-08-06T18:06:23+00:00\" \/>\n<meta name=\"twitter:card\" content=\"summary_large_image\" \/>\n<meta name=\"twitter:label1\" content=\"Tahmini okuma s\u00fcresi\" \/>\n\t<meta name=\"twitter:data1\" content=\"1 dakika\" \/>\n<script type=\"application\/ld+json\" class=\"yoast-schema-graph\">{\"@context\":\"https:\\\/\\\/schema.org\",\"@graph\":[{\"@type\":\"WebPage\",\"@id\":\"https:\\\/\\\/mansion.is\\\/tr\\\/haberler\\\/\",\"url\":\"https:\\\/\\\/mansion.is\\\/tr\\\/haberler\\\/\",\"name\":\"Haberler - Mansion G\u00f6\u00e7 Dan\u0131\u015fmanl\u0131\u011f\u0131\",\"isPartOf\":{\"@id\":\"https:\\\/\\\/mansion.is\\\/tr\\\/#website\"},\"datePublished\":\"2020-12-22T11:46:19+00:00\",\"dateModified\":\"2024-08-06T18:06:23+00:00\",\"breadcrumb\":{\"@id\":\"https:\\\/\\\/mansion.is\\\/tr\\\/haberler\\\/#breadcrumb\"},\"inLanguage\":\"tr\",\"potentialAction\":[{\"@type\":\"ReadAction\",\"target\":[\"https:\\\/\\\/mansion.is\\\/tr\\\/haberler\\\/\"]}]},{\"@type\":\"BreadcrumbList\",\"@id\":\"https:\\\/\\\/mansion.is\\\/tr\\\/haberler\\\/#breadcrumb\",\"itemListElement\":[{\"@type\":\"ListItem\",\"position\":1,\"name\":\"Home\",\"item\":\"https:\\\/\\\/mansion.is\\\/tr\\\/\"},{\"@type\":\"ListItem\",\"position\":2,\"name\":\"Haberler\"}]},{\"@type\":\"WebSite\",\"@id\":\"https:\\\/\\\/mansion.is\\\/tr\\\/#website\",\"url\":\"https:\\\/\\\/mansion.is\\\/tr\\\/\",\"name\":\"Mansion G\u00f6\u00e7 Dan\u0131\u015fmanl\u0131\u011f\u0131\",\"description\":\"\",\"potentialAction\":[{\"@type\":\"SearchAction\",\"target\":{\"@type\":\"EntryPoint\",\"urlTemplate\":\"https:\\\/\\\/mansion.is\\\/tr\\\/?s={search_term_string}\"},\"query-input\":{\"@type\":\"PropertyValueSpecification\",\"valueRequired\":true,\"valueName\":\"search_term_string\"}}],\"inLanguage\":\"tr\"}]}<\/script>\n<!-- \/ Yoast SEO plugin. -->","yoast_head_json":{"title":"Haberler - Mansion G\u00f6\u00e7 Dan\u0131\u015fmanl\u0131\u011f\u0131","robots":{"index":"index","follow":"follow","max-snippet":"max-snippet:-1","max-image-preview":"max-image-preview:large","max-video-preview":"max-video-preview:-1"},"canonical":"https:\/\/mansion.is\/tr\/haberler\/","og_locale":"tr_TR","og_type":"article","og_title":"Haberler - Mansion G\u00f6\u00e7 Dan\u0131\u015fmanl\u0131\u011f\u0131","og_description":"[vc_row content_placement=&#8221;middle&#8221; css=&#8221;.vc_custom_1722154028260{border-bottom-width: 1px !important;padding-top: 170px !important;padding-bottom: 85px !important;border-bottom-color: #d6d6d6 !important;border-bottom-style: solid !important;}&#8221; responsive_css=&#8221;padding_top_medium:150px&#8221;][vc_column offset=&#8221;vc_col-md-12&#8243;][\/vc_column][\/vc_row][vc_row responsive_css=&#8221;padding_top_medium:80px|padding_bottom_medium:80px&#8221; css=&#8221;.vc_custom_1608637615643{padding-top: 60px !important;padding-bottom: 60px !important;}&#8221;][vc_column][\/vc_column][\/vc_row]","og_url":"https:\/\/mansion.is\/tr\/haberler\/","og_site_name":"Mansion G\u00f6\u00e7 Dan\u0131\u015fmanl\u0131\u011f\u0131","article_modified_time":"2024-08-06T18:06:23+00:00","twitter_card":"summary_large_image","twitter_misc":{"Tahmini okuma s\u00fcresi":"1 dakika"},"schema":{"@context":"https:\/\/schema.org","@graph":[{"@type":"WebPage","@id":"https:\/\/mansion.is\/tr\/haberler\/","url":"https:\/\/mansion.is\/tr\/haberler\/","name":"Haberler - Mansion G\u00f6\u00e7 Dan\u0131\u015fmanl\u0131\u011f\u0131","isPartOf":{"@id":"https:\/\/mansion.is\/tr\/#website"},"datePublished":"2020-12-22T11:46:19+00:00","dateModified":"2024-08-06T18:06:23+00:00","breadcrumb":{"@id":"https:\/\/mansion.is\/tr\/haberler\/#breadcrumb"},"inLanguage":"tr","potentialAction":[{"@type":"ReadAction","target":["https:\/\/mansion.is\/tr\/haberler\/"]}]},{"@type":"BreadcrumbList","@id":"https:\/\/mansion.is\/tr\/haberler\/#breadcrumb","itemListElement":[{"@type":"ListItem","position":1,"name":"Home","item":"https:\/\/mansion.is\/tr\/"},{"@type":"ListItem","position":2,"name":"Haberler"}]},{"@type":"WebSite","@id":"https:\/\/mansion.is\/tr\/#website","url":"https:\/\/mansion.is\/tr\/","name":"Mansion G\u00f6\u00e7 Dan\u0131\u015fmanl\u0131\u011f\u0131","description":"","potentialAction":[{"@type":"SearchAction","target":{"@type":"EntryPoint","urlTemplate":"https:\/\/mansion.is\/tr\/?s={search_term_string}"},"query-input":{"@type":"PropertyValueSpecification","valueRequired":true,"valueName":"search_term_string"}}],"inLanguage":"tr"}]}},"_links":{"self":[{"href":"https:\/\/mansion.is\/tr\/wp-json\/wp\/v2\/pages\/4816","targetHints":{"allow":["GET"]}}],"collection":[{"href":"https:\/\/mansion.is\/tr\/wp-json\/wp\/v2\/pages"}],"about":[{"href":"https:\/\/mansion.is\/tr\/wp-json\/wp\/v2\/types\/page"}],"author":[{"embeddable":true,"href":"https:\/\/mansion.is\/tr\/wp-json\/wp\/v2\/users\/1"}],"replies":[{"embeddable":true,"href":"https:\/\/mansion.is\/tr\/wp-json\/wp\/v2\/comments?post=4816"}],"version-history":[{"count":0,"href":"https:\/\/mansion.is\/tr\/wp-json\/wp\/v2\/pages\/4816\/revisions"}],"wp:attachment":[{"href":"https:\/\/mansion.is\/tr\/wp-json\/wp\/v2\/media?parent=4816"}],"curies":[{"name":"wp","href":"https:\/\/api.w.org\/{rel}","templated":true}]}}